{"id":156,"date":"2024-09-19T10:55:35","date_gmt":"2024-09-19T10:55:35","guid":{"rendered":"https:\/\/maisland.is\/?page_id=156"},"modified":"2024-09-19T10:56:09","modified_gmt":"2024-09-19T10:56:09","slug":"marijuana-anonymous","status":"publish","type":"page","link":"https:\/\/maisland.is\/","title":{"rendered":"Marijuana\u00a0Anonymous"},"content":{"rendered":"\n<p>Marijuana Anonymous, \u00f3nafngreindir kannabisf\u00edklar, eru f\u00e9lagsskapur karla og kvenna sem deila me\u00f0 s\u00e9r reynslu, styrk og vonum svo a\u00f0 vi\u00f0 megum leysa sameiginlegt vandam\u00e1l okkar og hj\u00e1lpa \u00f6\u00f0rum f\u00edklum a\u00f0 frelsast fr\u00e1 kannabisf\u00edkn Eina skilyr\u00f0i\u00f0 fyrir inng\u00f6ngu er l\u00f6ngun til a\u00f0 h\u00e6tta a\u00f0 nota kannabis. Innt\u00f6ku- e\u00f0a f\u00e9lagsgj\u00f6ld eru engin en me\u00f0 innbyr\u00f0is samskotum sj\u00e1um vi\u00f0 okkur efnislega farbor\u00f0a. MA er sj\u00e1lfst\u00e6\u00f0 heild og tengist engum \u00f6\u00f0rum f\u00e9lagsskap. Vi\u00f0 h\u00f6ldum okkur utan vi\u00f0 \u00feras og \u00fer\u00e6tur og t\u00f6kum ekki afst\u00f6\u00f0u til m\u00e1la \u00f3vi\u00f0komandi MA. H\u00f6fu\u00f0tilgangur okkar er a\u00f0 halda okkur fr\u00e1 kannabisefnum og a\u00f0 hj\u00e1lpa kannabisf\u00edklum sem enn \u00fej\u00e1st a\u00f0 n\u00e1 sama frelsi og vi\u00f0. \u00deetta getum vi\u00f0 gert me\u00f0 \u00fev\u00ed a\u00f0 stunda t\u00f3lf spor MA og halda okkur vi\u00f0 t\u00f3lf erf\u00f0avenjur MA sem h\u00f3pur.<\/p>\n\n\n\n<p><\/p>\n\n\n\n<h3 class=\"wp-block-heading\">Fundir \u00ed Reykjav\u00edk:<\/h3>\n\n\n\n<h3 class=\"wp-block-heading\">MI\u00d0VIKUDAGA<\/h3>\n\n\n\n<p>N\u00fdli\u00f0afundur<\/p>\n\n\n\n<p>kl 18:15<\/p>\n\n\n\n<p>Alan\u00f3 kl\u00fabburinn<br>Holtag\u00f6r\u00f0um<br><a href=\"javascript:void(0);\">Holtavegi 10, 2. h\u00e6\u00f0<\/a><br>105 Reykjav\u00edk<\/p>\n\n\n\n<h3 class=\"wp-block-heading\">F\u00d6STUDAGA<\/h3>\n\n\n\n<p>Sporaspeaker<\/p>\n\n\n\n<p>kl 19:00<\/p>\n\n\n\n<p>Gula H\u00fasi\u00f0<br>Tjarnarg\u00f6tu 20<br>Salur B, 1. h\u00e6\u00f0<br>101 Reykjav\u00edk<\/p>\n\n\n\n<h3 class=\"wp-block-heading\">Fjarfundir \u00e1 Zoom:<\/h3>\n\n\n\n<h3 class=\"wp-block-heading\">FIMMTUDAGA<\/h3>\n\n\n\n<p>10. spors fundur<\/p>\n\n\n\n<p>kl 19:00<\/p>\n\n\n\n<p>F\u00f3lk dettur yfirleitt inn um 19:30!<\/p>\n\n\n\n<p>Meeting ID:&nbsp;<a href=\"https:\/\/us02web.zoom.us\/j\/4843481063?pwd=Zlo1Wi9vTFk1VEp1dGRiS3BGazJRQT09\">484 348 1063<\/a><br>Passcode: 1212<\/p>\n\n\n\n<h3 class=\"wp-block-heading\">LAUGARDAGA<\/h3>\n\n\n\n<p>L\u00edf \u00ed von<\/p>\n\n\n\n<p>kl 11:00<\/p>\n\n\n\n<p>Meeting ID:&nbsp;<a href=\"https:\/\/us02web.zoom.us\/j\/4843481063?pwd=Zlo1Wi9vTFk1VEp1dGRiS3BGazJRQT09\">484 348 1063<\/a><br>Passcode: 1212<\/p>\n\n\n\n<h3 class=\"wp-block-heading\">12 SPURNINGAR NAFNLAUSRA KANNABISF\u00cdKLA<\/h3>\n\n\n\n<p>Eftirfarandi spurningar g\u00e6tu hj\u00e1lpa\u00f0 \u00fe\u00e9r a\u00f0 \u00e1kvar\u00f0a hvort kannabis s\u00e9 vandam\u00e1l \u00ed \u00fe\u00ednu l\u00edfi.<\/p>\n\n\n\n<ol class=\"wp-block-list\">\n<li>Er ekki lengur skemmtilegt a\u00f0 reykja?<\/li>\n\n\n\n<li>Fer\u00f0u stundum \u00ed v\u00edmu ein\/n?<\/li>\n\n\n\n<li>Finnst \u00fe\u00e9r erfitt a\u00f0 hugsa \u00fe\u00e9r l\u00edfi\u00f0 \u00e1n kannabisefna?<\/li>\n\n\n\n<li>Velur \u00fe\u00fa \u00fe\u00e9r vini \u00fat fr\u00e1 kannabisnotkun \u00feinni?<\/li>\n\n\n\n<li>For\u00f0ast \u00fe\u00fa a\u00f0 takast \u00e1 vi\u00f0 vandam\u00e1l \u00fe\u00edn me\u00f0 \u00fev\u00ed a\u00f0 reykja kannabis?<\/li>\n\n\n\n<li>Reykir \u00fe\u00fa kannabis til \u00feess a\u00f0 r\u00e1\u00f0a vi\u00f0 tilfinningar \u00fe\u00ednar?<\/li>\n\n\n\n<li>Veldur kannabisnotkunin \u00fev\u00ed a\u00f0 \u00fe\u00fa lifir \u00ed \u00fe\u00ednum eigin einangra\u00f0a heimi?<\/li>\n\n\n\n<li>Hefur \u00fe\u00e9r mistekist a\u00f0 standa vi\u00f0 lofor\u00f0 um a\u00f0 minnka e\u00f0a hafa stj\u00f3rn \u00e1 kannabisneyslu \u00feinni?<\/li>\n\n\n\n<li>Hefur kannabis notkun \u00fe\u00edn komi\u00f0 ni\u00f0ur \u00e1 minni, einbeitingu e\u00f0a hvata?<\/li>\n\n\n\n<li>\u00deegar efni\u00f0 er a\u00f0 kl\u00e1rast finnur\u00f0u \u00fe\u00e1 fyrir kv\u00ed\u00f0a e\u00f0a \u00f3tta um hvernig s\u00e9 h\u00e6gt a\u00f0 n\u00e1 \u00ed meira?<\/li>\n\n\n\n<li>Skipuleggur \u00fe\u00fa l\u00edfi\u00f0 \u00ed kring um kannabisneyslu \u00fe\u00edna?<\/li>\n\n\n\n<li>Hafa vinir \u00fe\u00ednir e\u00f0a \u00e6ttingjar einhvernt\u00edman tala\u00f0 um a\u00f0 kannabisreykingar \u00fe\u00ednar s\u00e9u a\u00f0 ska\u00f0a sambandi\u00f0 vi\u00f0 \u00feau?<\/li>\n<\/ol>\n\n\n\n<h6 class=\"wp-block-heading\">Ef \u00fe\u00fa svara\u00f0ir j\u00e1 vi\u00f0 einhverri af spurningunum h\u00e9r fyrir ofan \u00fe\u00e1 g\u00e6tir \u00fe\u00fa \u00e1tt \u00ed vandr\u00e6\u00f0um me\u00f0 kannabis.<\/h6>\n\n\n\n<p>H\u00e9r m\u00e1 finna gagnlegar uppl\u00fdsingar:<br><a href=\"https:\/\/maisland.is\/wp-content\/uploads\/2018\/01\/N%C3%BDli%C3%B0ab%C3%A6klingurinn.pdf\" target=\"_blank\" rel=\"noreferrer noopener\">N\u00fdli\u00f0ab\u00e6klingur<\/a><\/p>\n","protected":false},"excerpt":{"rendered":"<p>Marijuana Anonymous, \u00f3nafngreindir kannabisf\u00edklar, eru f\u00e9lagsskapur karla og kvenna sem deila me\u00f0 s\u00e9r reynslu, styrk og vonum svo a\u00f0 vi\u00f0 megum leysa sameiginlegt vandam\u00e1l okkar og hj\u00e1lpa \u00f6\u00f0rum f\u00edklum a\u00f0 frelsast fr\u00e1 kannabisf\u00edkn Eina skilyr\u00f0i\u00f0 fyrir inng\u00f6ngu er l\u00f6ngun til a\u00f0 h\u00e6tta a\u00f0 nota kannabis. Innt\u00f6ku- e\u00f0a f\u00e9lagsgj\u00f6ld eru engin en me\u00f0 innbyr\u00f0is samskotum sj\u00e1um [&hellip;]<\/p>\n","protected":false},"author":1,"featured_media":0,"parent":0,"menu_order":0,"comment_status":"closed","ping_status":"closed","template":"","meta":{"footnotes":""},"class_list":["post-156","page","type-page","status-publish","hentry"],"_links":{"self":[{"href":"https:\/\/maisland.is\/index.php?rest_route=\/wp\/v2\/pages\/156","targetHints":{"allow":["GET"]}}],"collection":[{"href":"https:\/\/maisland.is\/index.php?rest_route=\/wp\/v2\/pages"}],"about":[{"href":"https:\/\/maisland.is\/index.php?rest_route=\/wp\/v2\/types\/page"}],"author":[{"embeddable":true,"href":"https:\/\/maisland.is\/index.php?rest_route=\/wp\/v2\/users\/1"}],"replies":[{"embeddable":true,"href":"https:\/\/maisland.is\/index.php?rest_route=%2Fwp%2Fv2%2Fcomments&post=156"}],"version-history":[{"count":5,"href":"https:\/\/maisland.is\/index.php?rest_route=\/wp\/v2\/pages\/156\/revisions"}],"predecessor-version":[{"id":195,"href":"https:\/\/maisland.is\/index.php?rest_route=\/wp\/v2\/pages\/156\/revisions\/195"}],"wp:attachment":[{"href":"https:\/\/maisland.is\/index.php?rest_route=%2Fwp%2Fv2%2Fmedia&parent=156"}],"curies":[{"name":"wp","href":"https:\/\/api.w.org\/{rel}","templated":true}]}}